{"id":4,"date":"2016-05-12T15:21:04","date_gmt":"2016-05-12T15:21:04","guid":{"rendered":"http:\/\/adatlap.tmgrp.hu\/?page_id=4"},"modified":"2022-01-19T09:45:48","modified_gmt":"2022-01-19T09:45:48","slug":"form","status":"publish","type":"page","link":"https:\/\/adatlap.tmgrp.hu\/","title":{"rendered":"Adatlap"},"content":{"rendered":"<div id=\"usermessagea\" class=\"cf_info \"><\/div><form enctype=\"multipart\/form-data\" action=\"\/index.php?rest_route=%2Fwp%2Fv2%2Fpages%2F4#usermessagea\" method=\"post\" class=\"cform cformsdirect forgat%c3%a1s \" id=\"cformsform\"><fieldset class=\"cf-fs1\" style=\"\"><legend>Szerkeszt\u0151 adatai<\/legend><ol class=\"cf-ol\"><li id=\"li--2\" class=\"\"><label id=\"label--2\" for=\"cf_field_2\"><span>N\u00e9v<\/span><\/label><input type=\"text\" name=\"cf_field_2\" id=\"cf_field_2\" class=\"single fldrequired\" value=\"\" onfocus=\"clearField(this)\" onblur=\"setField(this)\" title=\"\"\/><span class=\"reqtxt\">(k\u00f6telez\u0151)<\/span><\/li><li id=\"li--3\" class=\"\"><label id=\"label--3\" for=\"cf_field_3\"><span>email<\/span><\/label><input type=\"text\" name=\"cf_field_3\" id=\"cf_field_3\" class=\"single fldemail fldrequired\" value=\"nobody@tmgrp.hu\" onfocus=\"clearField(this)\" onblur=\"setField(this)\" title=\"email\"\/><span class=\"emailreqtxt\">(\u00e9rv\u00e9nyes emailc\u00edm k\u00f6telez\u0151)<\/span><\/li><li id=\"li--4\" class=\"\"><label id=\"label--4\" for=\"cf_field_4\"><span>telefonsz\u00e1m<\/span><\/label><input type=\"text\" name=\"cf_field_4\" id=\"cf_field_4\" class=\"single fldrequired\" value=\"+3618816530\" onfocus=\"clearField(this)\" onblur=\"setField(this)\" title=\"\"\/><span class=\"reqtxt\">(k\u00f6telez\u0151)<\/span><\/li><\/ol><\/fieldset><fieldset class=\"cf-fs2\" style=\"\"><legend>Forgat\u00e1s<\/legend><ol class=\"cf-ol\"><li id=\"li--7\" class=\"\"><label id=\"label--7\" for=\"cf_field_7\"><span>C\u00edm<\/span><\/label><input type=\"text\" name=\"cf_field_7\" id=\"cf_field_7\" class=\"single fldrequired\" value=\"\" title=\"\"\/><span class=\"reqtxt\">(k\u00f6telez\u0151)<\/span><\/li><li id=\"li--8\" class=\"\"><label id=\"label--8\" for=\"cf_field_8\"><span>els\u0151 nap<\/span><\/label><input required=\"required\"  type=\"date\" name=\"cf_field_8\" id=\"cf_field_8\" class=\" fldrequired\" value=\"\" title=\"\"\/><span class=\"reqtxt\">(k\u00f6telez\u0151)<\/span><\/li><li id=\"li--9\" class=\"\"><label id=\"label--9\" for=\"cf_field_9\"><span>Kezd\u00e9s id\u0151pontja<\/span><\/label><select name=\"cf_field_9\" id=\"cf_field_9\" class=\"cformselect\" title=\"\"><option value=\"0100\">01:00<\/option><option value=\"0200\">02:00<\/option><option value=\"0300\">03:00<\/option><option value=\"0400\">04:00<\/option><option value=\"0500\">05:00<\/option><option value=\"0600\">06:00<\/option><option value=\"0700\">07:00<\/option><option value=\"0800\">08:00<\/option><option value=\"0900\" selected=\"selected\">09:00<\/option><option value=\"1000\">10:00<\/option><option value=\"1100\">11:00<\/option><option value=\"1200\">12:00<\/option><option value=\"1300\">13:00<\/option><option value=\"1400\">14:00<\/option><option value=\"1500\">15:00<\/option><option value=\"1600\">16:00<\/option><option value=\"1700\">17:00<\/option><option value=\"1800\">18:00<\/option><option value=\"1900\">19:00<\/option><option value=\"2000\">20:00<\/option><option value=\"2100\">21:00<\/option><option value=\"2200\">22:00<\/option><option value=\"2300\">23:00<\/option><option value=\"2400\">24:00<\/option><\/select><\/li><li id=\"li--10\" class=\"\"><label id=\"label--10\" for=\"cf_field_10\"><span>Id\u0151tartam<\/span><\/label><select name=\"cf_field_10\" id=\"cf_field_10\" class=\"cformselect\" title=\"\"><option value=\"\" selected=\"selected\"><\/option><option value=\"1 \u00f3ra\">1 \u00f3ra<\/option><option value=\"2 \u00f3ra\">2 \u00f3ra<\/option><option value=\"3 \u00f3ra\">3 \u00f3ra<\/option><option value=\"4 \u00f3ra\">4 \u00f3ra<\/option><option value=\"5 \u00f3ra\">5 \u00f3ra<\/option><option value=\"6 \u00f3ra\">6 \u00f3ra<\/option><option value=\"7 \u00f3ra\">7 \u00f3ra<\/option><option value=\"8 \u00f3ra\">8 \u00f3ra<\/option><option value=\"9 \u00f3ra\">9 \u00f3ra<\/option><option value=\"10 \u00f3ra\">10 \u00f3ra<\/option><option value=\"11 \u00f3ra\">11 \u00f3ra<\/option><option value=\"12 \u00f3ra\">12 \u00f3ra<\/option><\/select><\/li><li id=\"li--11\" class=\"\"><label id=\"label--11\" for=\"cf_field_11\"><span>utols\u00f3 nap<\/span><\/label><input  type=\"date\" name=\"cf_field_11\" id=\"cf_field_11\" class=\"\" value=\"\" title=\"\"\/><\/li><li id=\"li--12\" class=\"\"><label id=\"label--12\" for=\"cf_field_12\"><span>r\u00f6vid le\u00edr\u00e1s<\/span><\/label><textarea cols=\"30\" rows=\"8\" name=\"cf_field_12\" id=\"cf_field_12\" class=\"area fldrequired\" title=\"\"><\/textarea><span class=\"reqtxt\">(k\u00f6telez\u0151)<\/span><\/li><\/ol><\/fieldset><fieldset class=\"cf-fs3\" style=\"\"><legend>Helysz\u00edn<\/legend><ol class=\"cf-ol\"><li id=\"li--15\" class=\"cf-box-title\"><\/li><li id=\"li--15items\" class=\"cf-box-group\"><input type=\"checkbox\" id=\"cf_field_15-1\" name=\"cf_field_15[]\" value=\"7. st\u00fadi\u00f3 \"  class=\"cf-box-b\" title=\"\"\/><label id=\"label--151\" for=\"cf_field_15-1\" class=\"cf-group-after\"><span>7. st\u00fadi\u00f3 <\/span><\/label><br \/><input type=\"checkbox\" id=\"cf_field_15-2\" name=\"cf_field_15[]\" value=\"Konyhast\u00fadi\u00f3\"  class=\"cf-box-b\" title=\"\"\/><label id=\"label--152\" for=\"cf_field_15-2\" class=\"cf-group-after\"><span>Konyhast\u00fadi\u00f3<\/span><\/label><br \/><input type=\"checkbox\" id=\"cf_field_15-3\" name=\"cf_field_15[]\" value=\"Virtu\u00e1lis st\u00fadi\u00f3\"  class=\"cf-box-b\" title=\"\"\/><label id=\"label--153\" for=\"cf_field_15-3\" class=\"cf-group-after\"><span>Virtu\u00e1lis st\u00fadi\u00f3<\/span><\/label><\/li><li id=\"li--16\" class=\"\"><label id=\"label--16\" for=\"cf_field_16\"><span>C\u00edm<\/span><\/label><input type=\"text\" name=\"cf_field_16\" id=\"cf_field_16\" class=\"single\" value=\"\" title=\"\"\/><\/li><\/ol><\/fieldset><fieldset class=\"cf-fs4\" style=\"\"><legend>G\u00e9pj\u00e1rm\u0171vek<\/legend><ol class=\"cf-ol\"><li id=\"li--18\" class=\"cf-box-title\">G\u00e9pj\u00e1rm\u0171<\/li><li id=\"li--18items\" class=\"cf-box-group\"><input type=\"checkbox\" id=\"cf_field_18-1\" name=\"cf_field_18[]\" value=\"Suzuki Vitara - NJU129\"  class=\"cf-box-b\" title=\"\"\/><label id=\"label--181\" for=\"cf_field_18-1\" class=\"cf-group-after\"><span>Suzuki Vitara - NJU129<\/span><\/label><br \/><input type=\"checkbox\" id=\"cf_field_18-2\" name=\"cf_field_18[]\" value=\"Suzuki SX4 - LVY045\"  class=\"cf-box-b\" title=\"\"\/><label id=\"label--182\" for=\"cf_field_18-2\" class=\"cf-group-after\"><span>Suzuki SX4 - LVY045<\/span><\/label><br \/><input type=\"checkbox\" id=\"cf_field_18-3\" name=\"cf_field_18[]\" value=\"Suzuki SX4 - MEV684\"  class=\"cf-box-b\" title=\"\"\/><label id=\"label--183\" for=\"cf_field_18-3\" class=\"cf-group-after\"><span>Suzuki SX4 - MEV684<\/span><\/label><br \/><input type=\"checkbox\" id=\"cf_field_18-4\" name=\"cf_field_18[]\" value=\"Ford Transit - 9 szem\u00e9ly\"  class=\"cf-box-b\" title=\"\"\/><label id=\"label--184\" for=\"cf_field_18-4\" class=\"cf-group-after\"><span>Ford Transit - 9 szem\u00e9ly<\/span><\/label><br \/><input type=\"checkbox\" id=\"cf_field_18-5\" name=\"cf_field_18[]\" value=\"Ford Transit - teher\"  class=\"cf-box-b\" title=\"\"\/><label id=\"label--185\" for=\"cf_field_18-5\" class=\"cf-group-after\"><span>Ford Transit - teher<\/span><\/label><br \/><\/li><\/ol><\/fieldset><fieldset class=\"cf-fs5\" style=\"\"><legend>St\u00e1b<\/legend><ol class=\"cf-ol\"><li id=\"li--21\" class=\"\"><label id=\"label--21\" for=\"cf_field_21\"><span>Rendez\u0151<\/span><\/label><input type=\"text\" name=\"cf_field_21\" id=\"cf_field_21\" class=\"single\" value=\"\" title=\"\"\/><\/li><li id=\"li--22\" class=\"\"><label id=\"label--22\" for=\"cf_field_22\"><span>M\u0171sorvezet\u0151<\/span><\/label><input type=\"text\" name=\"cf_field_22\" id=\"cf_field_22\" class=\"single\" value=\"\" title=\"\"\/><\/li><li id=\"li--23\" class=\"cf-box-title\">Operat\u0151r<\/li><li id=\"li--23items\" class=\"cf-box-group\"><input type=\"checkbox\" id=\"cf_field_23-1\" name=\"cf_field_23[]\" value=\"andicszoltan\"  class=\"cf-box-b\" title=\"\"\/><label id=\"label--231\" for=\"cf_field_23-1\" class=\"cf-group-after\"><span>Andics Zolt\u00e1n<\/span><\/label><br \/><input type=\"checkbox\" id=\"cf_field_23-2\" name=\"cf_field_23[]\" value=\"borscsaba\"  class=\"cf-box-b\" title=\"\"\/><label id=\"label--232\" for=\"cf_field_23-2\" class=\"cf-group-after\"><span>Bors Csaba<\/span><\/label><br \/><input type=\"checkbox\" id=\"cf_field_23-3\" name=\"cf_field_23[]\" value=\"papadam\"  class=\"cf-box-b\" title=\"\"\/><label id=\"label--233\" for=\"cf_field_23-3\" class=\"cf-group-after\"><span>Pap \u00c1d\u00e1m<\/span><\/label><br \/><input type=\"checkbox\" id=\"cf_field_23-4\" name=\"cf_field_23[]\" value=\"juhaszakos\"  class=\"cf-box-b\" title=\"\"\/><label id=\"label--234\" for=\"cf_field_23-4\" class=\"cf-group-after\"><span>Juh\u00e1sz \u00c1kos<\/span><\/label><br \/><input type=\"checkbox\" id=\"cf_field_23-5\" name=\"cf_field_23[]\" value=\"laczkovskiaron\"  class=\"cf-box-b\" title=\"\"\/><label id=\"label--235\" for=\"cf_field_23-5\" class=\"cf-group-after\"><span>Laczkovszki \u00c1ron<\/span><\/label><br \/><input type=\"checkbox\" id=\"cf_field_23-6\" name=\"cf_field_23[]\" value=\"vargasdani\"  class=\"cf-box-b\" title=\"\"\/><label id=\"label--236\" for=\"cf_field_23-6\" class=\"cf-group-after\"><span>Varga S. Dani<\/span><\/label><br \/><\/li><li id=\"li--24\" class=\"\"><label id=\"label--24\" for=\"cf_field_24\"><span>Smink<\/span><\/label><select name=\"cf_field_24\" id=\"cf_field_24\" class=\"cformselect\" title=\"\"><option value=\"\" selected=\"selected\"><\/option><option value=\"Bogn\u00e1r Edina\">Bogn\u00e1r Edina<\/option><option value=\"Gali Ren\u00e1ta\">Gali Ren\u00e1ta<\/option><option value=\"Juli Sminkes\">Juli Sminkes<\/option><\/select><\/li><li id=\"li--25\" class=\"\"><label id=\"label--25\" for=\"cf_field_25\"><span>B\u00e9roperat\u0151r<\/span><\/label><input type=\"text\" name=\"cf_field_25\" id=\"cf_field_25\" class=\"single\" value=\"\" title=\"\"\/><\/li><li id=\"li--26\" class=\"\"><label id=\"label--26\" for=\"cf_field_26\"><span>Hangm\u00e9rn\u00f6k<\/span><\/label><select name=\"cf_field_26\" id=\"cf_field_26\" class=\"cformselect\" title=\"\"><option value=\"--\" selected=\"selected\">--<\/option><option value=\"Adri\u00e1n\">Adri\u00e1n<\/option><\/select><\/li><li id=\"li--27\" class=\"\"><label id=\"label--27\" for=\"cf_field_27\"><span>S\u00fag\u00f3<\/span><\/label><input type=\"text\" name=\"cf_field_27\" id=\"cf_field_27\" class=\"single\" value=\"\" title=\"\"\/><\/li><\/ol><\/fieldset><fieldset class=\"cf-fs6\" style=\"\"><legend>Eszk\u00f6z<\/legend><ol class=\"cf-ol\"><li id=\"li--30\" class=\"cf-box-title\">Kamera<\/li><li id=\"li--30items\" class=\"cf-box-group\"><input type=\"checkbox\" id=\"cf_field_30-1\" name=\"cf_field_30[]\" value=\"Sony PMW-400 (szett: 01) st\u00fadi\u00f3 7. CCU\"  class=\"cf-box-b\" title=\"\"\/><label id=\"label--301\" for=\"cf_field_30-1\" class=\"cf-group-after\"><span>Sony PMW-400 (szett: 01) st\u00fadi\u00f3 7. CCU<\/span><\/label><br \/><input type=\"checkbox\" id=\"cf_field_30-2\" name=\"cf_field_30[]\" value=\"Sony PMW-400 (szett: 02)\"  class=\"cf-box-b\" title=\"\"\/><label id=\"label--302\" for=\"cf_field_30-2\" class=\"cf-group-after\"><span>Sony PMW-400 (szett: 02)<\/span><\/label><br \/><input type=\"checkbox\" id=\"cf_field_30-3\" name=\"cf_field_30[]\" value=\"Sony PMW-400 (szett: 03)\"  class=\"cf-box-b\" title=\"\"\/><label id=\"label--303\" for=\"cf_field_30-3\" class=\"cf-group-after\"><span>Sony PMW-400 (szett: 03)<\/span><\/label><br \/><input type=\"checkbox\" id=\"cf_field_30-4\" name=\"cf_field_30[]\" value=\"Sony PMW-400 (szett: 04)\"  class=\"cf-box-b\" title=\"\"\/><label id=\"label--304\" for=\"cf_field_30-4\" class=\"cf-group-after\"><span>Sony PMW-400 (szett: 04)<\/span><\/label><br \/><input type=\"checkbox\" id=\"cf_field_30-5\" name=\"cf_field_30[]\" value=\"Sony PMW-400 (szett: 05)\"  class=\"cf-box-b\" title=\"\"\/><label id=\"label--305\" for=\"cf_field_30-5\" class=\"cf-group-after\"><span>Sony PMW-400 (szett: 05)<\/span><\/label><br \/><input type=\"checkbox\" id=\"cf_field_30-6\" name=\"cf_field_30[]\" value=\"Sony PXW-FS5 (szett: 01)\"  class=\"cf-box-b\" title=\"\"\/><label id=\"label--306\" for=\"cf_field_30-6\" class=\"cf-group-after\"><span>Sony PXW-FS5 (szett: 01)<\/span><\/label><br \/><input type=\"checkbox\" id=\"cf_field_30-7\" name=\"cf_field_30[]\" value=\"Sony PXW-FS5 (szett: 02)\"  class=\"cf-box-b\" title=\"\"\/><label id=\"label--307\" for=\"cf_field_30-7\" class=\"cf-group-after\"><span>Sony PXW-FS5 (szett: 02)<\/span><\/label><br \/><input type=\"checkbox\" id=\"cf_field_30-8\" name=\"cf_field_30[]\" value=\"Sony PXW-FS5 (szett: 03)\"  class=\"cf-box-b\" title=\"\"\/><label id=\"label--308\" for=\"cf_field_30-8\" class=\"cf-group-after\"><span>Sony PXW-FS5 (szett: 03)<\/span><\/label><br \/><input type=\"checkbox\" id=\"cf_field_30-9\" name=\"cf_field_30[]\" value=\"Sony PXW-FS5 (szett: 04)\"  class=\"cf-box-b\" title=\"\"\/><label id=\"label--309\" for=\"cf_field_30-9\" class=\"cf-group-after\"><span>Sony PXW-FS5 (szett: 04)<\/span><\/label><br \/><input type=\"checkbox\" id=\"cf_field_30-10\" name=\"cf_field_30[]\" value=\"FS5-MK2-5 \/ stat\u00edv\"  class=\"cf-box-b\" title=\"\"\/><label id=\"label--3010\" for=\"cf_field_30-10\" class=\"cf-group-after\"><span>FS5-MK2-5 \/ stat\u00edv<\/span><\/label><br \/><input type=\"checkbox\" id=\"cf_field_30-11\" name=\"cf_field_30[]\" value=\"Sony 7SIII - 1 Kamera\"  class=\"cf-box-b\" title=\"\"\/><label id=\"label--3011\" for=\"cf_field_30-11\" class=\"cf-group-after\"><span>Sony 7SIII - 1 Kamera<\/span><\/label><br \/><input type=\"checkbox\" id=\"cf_field_30-12\" name=\"cf_field_30[]\" value=\"Sony 7SIII - 2 Kamera\"  class=\"cf-box-b\" title=\"\"\/><label id=\"label--3012\" for=\"cf_field_30-12\" class=\"cf-group-after\"><span>Sony 7SIII - 2 Kamera<\/span><\/label><br \/><input type=\"checkbox\" id=\"cf_field_30-13\" name=\"cf_field_30[]\" value=\"Sigma 7mm objekt\u00edv\"  class=\"cf-box-b\" title=\"\"\/><label id=\"label--3013\" for=\"cf_field_30-13\" class=\"cf-group-after\"><span>Sigma 7mm objekt\u00edv<\/span><\/label><br \/><input type=\"checkbox\" id=\"cf_field_30-14\" name=\"cf_field_30[]\" value=\"Sony 28-135 mm - 1 objekt\u00edv\"  class=\"cf-box-b\" title=\"\"\/><label id=\"label--3014\" for=\"cf_field_30-14\" class=\"cf-group-after\"><span>Sony 28-135 mm - 1 objekt\u00edv<\/span><\/label><br \/><input type=\"checkbox\" id=\"cf_field_30-15\" name=\"cf_field_30[]\" value=\"Sony 28-135 mm - 2 objekt\u00edv\"  class=\"cf-box-b\" title=\"\"\/><label id=\"label--3015\" for=\"cf_field_30-15\" class=\"cf-group-after\"><span>Sony 28-135 mm - 2 objekt\u00edv<\/span><\/label><br \/><input type=\"checkbox\" id=\"cf_field_30-16\" name=\"cf_field_30[]\" value=\"Sony 200-600 mm - objekt\u00edv\"  class=\"cf-box-b\" title=\"\"\/><label id=\"label--3016\" for=\"cf_field_30-16\" class=\"cf-group-after\"><span>Sony 200-600 mm - objekt\u00edv<\/span><\/label><br \/><input type=\"checkbox\" id=\"cf_field_30-17\" name=\"cf_field_30[]\" value=\"ZHIYUN-Crane\"  class=\"cf-box-b\" title=\"\"\/><label id=\"label--3017\" for=\"cf_field_30-17\" class=\"cf-group-after\"><span>ZHIYUN-Crane<\/span><\/label><br \/><input type=\"checkbox\" id=\"cf_field_30-18\" name=\"cf_field_30[]\" value=\"Sony FS 700\"  class=\"cf-box-b\" title=\"\"\/><label id=\"label--3018\" for=\"cf_field_30-18\" class=\"cf-group-after\"><span>Sony FS 700<\/span><\/label><br \/><input type=\"checkbox\" id=\"cf_field_30-19\" name=\"cf_field_30[]\" value=\"LAOWA 25mm ULTRA MACRO OBI\"  class=\"cf-box-b\" title=\"\"\/><label id=\"label--3019\" for=\"cf_field_30-19\" class=\"cf-group-after\"><span>LAOWA 25mm ULTRA MACRO OBI<\/span><\/label><br \/><input type=\"checkbox\" id=\"cf_field_30-20\" name=\"cf_field_30[]\" value=\"MT43 ULANZI Mini \u00c1llv\u00e1ny\"  class=\"cf-box-b\" title=\"\"\/><label id=\"label--3020\" for=\"cf_field_30-20\" class=\"cf-group-after\"><span>MT43 ULANZI Mini \u00c1llv\u00e1ny<\/span><\/label><br \/><input type=\"checkbox\" id=\"cf_field_30-21\" name=\"cf_field_30[]\" value=\"K&F Concept \u00c1llv\u00e1ny\"  class=\"cf-box-b\" title=\"\"\/><label id=\"label--3021\" for=\"cf_field_30-21\" class=\"cf-group-after\"><span>K&F Concept \u00c1llv\u00e1ny<\/span><\/label><br \/><\/li><li id=\"li--31\" class=\"cf-box-title\">Akci\u00f3kamera<\/li><li id=\"li--31items\" class=\"cf-box-group\"><input type=\"checkbox\" id=\"cf_field_31-1\" name=\"cf_field_31[]\" value=\"GoPro Hero 8\/1\"  class=\"cf-box-b\" title=\"\"\/><label id=\"label--311\" for=\"cf_field_31-1\" class=\"cf-group-after\"><span>GoPro Hero 8\/1<\/span><\/label><br \/><input type=\"checkbox\" id=\"cf_field_31-2\" name=\"cf_field_31[]\" value=\"GoPro Hero 8\/2\"  class=\"cf-box-b\" title=\"\"\/><label id=\"label--312\" for=\"cf_field_31-2\" class=\"cf-group-after\"><span>GoPro Hero 8\/2<\/span><\/label><br \/><input type=\"checkbox\" id=\"cf_field_31-3\" name=\"cf_field_31[]\" value=\"GoPro Hero 6\/1\"  class=\"cf-box-b\" title=\"\"\/><label id=\"label--313\" for=\"cf_field_31-3\" class=\"cf-group-after\"><span>GoPro Hero 6\/1<\/span><\/label><br \/><input type=\"checkbox\" id=\"cf_field_31-4\" name=\"cf_field_31[]\" value=\"GoPro Hero 6\/2\"  class=\"cf-box-b\" title=\"\"\/><label id=\"label--314\" for=\"cf_field_31-4\" class=\"cf-group-after\"><span>GoPro Hero 6\/2<\/span><\/label><br \/><input type=\"checkbox\" id=\"cf_field_31-5\" name=\"cf_field_31[]\" value=\"GoPro Hero 3\"  class=\"cf-box-b\" title=\"\"\/><label id=\"label--315\" for=\"cf_field_31-5\" class=\"cf-group-after\"><span>GoPro Hero 3<\/span><\/label><br \/><input type=\"checkbox\" id=\"cf_field_31-6\" name=\"cf_field_31[]\" value=\"tripod\"  class=\"cf-box-b\" title=\"\"\/><label id=\"label--316\" for=\"cf_field_31-6\" class=\"cf-group-after\"><span>tripod<\/span><\/label><br \/><input type=\"checkbox\" id=\"cf_field_31-7\" name=\"cf_field_31[]\" value=\"XS Arm\"  class=\"cf-box-b\" title=\"\"\/><label id=\"label--317\" for=\"cf_field_31-7\" class=\"cf-group-after\"><span>XS Arm<\/span><\/label><br \/><input type=\"checkbox\" id=\"cf_field_31-8\" name=\"cf_field_31[]\" value=\"Panasonic-EVA Kamera\"  class=\"cf-box-b\" title=\"\"\/><label id=\"label--318\" for=\"cf_field_31-8\" class=\"cf-group-after\"><span>Panasonic-EVA Kamera<\/span><\/label><br \/><\/li><li id=\"li--32\" class=\"cf-box-title\">Kamerafelszerel\u00e9s<\/li><li id=\"li--32items\" class=\"cf-box-group\"><input type=\"checkbox\" id=\"cf_field_32-1\" name=\"cf_field_32[]\" value=\"der\u00edt\u0151lap\"  class=\"cf-box-b\" title=\"\"\/><label id=\"label--321\" for=\"cf_field_32-1\" class=\"cf-group-after\"><span>der\u00edt\u0151lap<\/span><\/label><br \/><input type=\"checkbox\" id=\"cf_field_32-2\" name=\"cf_field_32[]\" value=\"steadicam\"  class=\"cf-box-b\" title=\"\"\/><label id=\"label--322\" for=\"cf_field_32-2\" class=\"cf-group-after\"><span>steadicam<\/span><\/label><br \/><input type=\"checkbox\" id=\"cf_field_32-3\" name=\"cf_field_32[]\" value=\"jimmy jib\"  class=\"cf-box-b\" title=\"\"\/><label id=\"label--323\" for=\"cf_field_32-3\" class=\"cf-group-after\"><span>jimmy jib<\/span><\/label><br \/><input type=\"checkbox\" id=\"cf_field_32-4\" name=\"cf_field_32[]\" value=\"slider\"  class=\"cf-box-b\" title=\"\"\/><label id=\"label--324\" for=\"cf_field_32-4\" class=\"cf-group-after\"><span>slider<\/span><\/label><br \/><input type=\"checkbox\" id=\"cf_field_32-5\" name=\"cf_field_32[]\" value=\"DSLR rig \u00e1llv\u00e1ny\"  class=\"cf-box-b\" title=\"\"\/><label id=\"label--325\" for=\"cf_field_32-5\" class=\"cf-group-after\"><span>DSLR rig \u00e1llv\u00e1ny<\/span><\/label><br \/><input type=\"checkbox\" id=\"cf_field_32-6\" name=\"cf_field_32[]\" value=\"jimmy jib 6m\"  class=\"cf-box-b\" title=\"\"\/><label id=\"label--326\" for=\"cf_field_32-6\" class=\"cf-group-after\"><span>jimmy jib 6m<\/span><\/label><br \/><\/li><li id=\"li--33\" class=\"\"><label id=\"label--33\" for=\"cf_field_33\" class=\"cf-before\"><span>S\u00fag\u00f3g\u00e9p<\/span><\/label><input type=\"checkbox\" name=\"cf_field_33\" id=\"cf_field_33\" class=\"cf-box-b\" title=\"\"\/><\/li><\/ol><\/fieldset><fieldset class=\"cf-fs7\" style=\"\"><legend>L\u00e9gifelv\u00e9tel<\/legend><ol class=\"cf-ol\"><li id=\"li--35\" class=\"\"><label id=\"label--35\" for=\"cf_field_35\" class=\"cf-before\"><span>Mavic 2 PRO-1<\/span><\/label><input type=\"checkbox\" name=\"cf_field_35\" id=\"cf_field_35\" class=\"cf-box-b\" title=\"\"\/><\/li><li id=\"li--36\" class=\"\"><label id=\"label--36\" for=\"cf_field_36\" class=\"cf-before\"><span>Mavic 2 PRO-2<\/span><\/label><input type=\"checkbox\" name=\"cf_field_36\" id=\"cf_field_36\" class=\"cf-box-b\" title=\"\"\/><\/li><\/ol><\/fieldset><fieldset class=\"cf-fs8\" style=\"\"><legend>F\u00e9nyk\u00e9pez\u0151g\u00e9p<\/legend><ol class=\"cf-ol\"><li id=\"li--39\" class=\"\"><label id=\"label--39\" for=\"cf_field_39\" class=\"cf-before\"><span>Canon EOS 5D SZETT<\/span><\/label><input type=\"checkbox\" name=\"cf_field_39\" id=\"cf_field_39\" class=\"cf-box-b\" title=\"\"\/><\/li><li id=\"li--40\" class=\"\"><label id=\"label--40\" for=\"cf_field_40\" class=\"cf-before\"><span>Canon EOS 80D kit<\/span><\/label><input type=\"checkbox\" name=\"cf_field_40\" id=\"cf_field_40\" class=\"cf-box-b\" title=\"\"\/><\/li><\/ol><\/fieldset><fieldset class=\"cf-fs9\" style=\"\"><legend>Mikrofon<\/legend><ol class=\"cf-ol\"><li id=\"li--43\" class=\"\"><label id=\"label--43\" for=\"cf_field_43\"><span>Mikroport<\/span><\/label><select name=\"cf_field_43\" id=\"cf_field_43\" class=\"cformselect\" title=\"\"><option value=\"\"><\/option><option value=\"1\">1 darab<\/option><option value=\"2\">2 darab<\/option><option value=\"3\">3 darab<\/option><option value=\"4\">4 darab<\/option><option value=\"5\">5 darab<\/option><option value=\"6\">6 darab<\/option><option value=\"7 darab\">7 darab<\/option><option value=\"8 darab\">8 darab<\/option><option value=\"9 darab\">9 darab<\/option><\/select><\/li><li id=\"li--44\" class=\"\"><label id=\"label--44\" for=\"cf_field_44\"><span>Voice<\/span><\/label><select name=\"cf_field_44\" id=\"cf_field_44\" class=\"cformselect\" title=\"\"><option value=\"\"><\/option><option value=\"1\">1 darab<\/option><option value=\"2\">2 darab<\/option><option value=\"3\">3 darab<\/option><option value=\"4\">4 darab<\/option><option value=\"5\">5 darab<\/option><option value=\"6\">6 darab<\/option><\/select><\/li><li id=\"li--45\" class=\"\"><input type=\"checkbox\" name=\"cf_field_45\" id=\"cf_field_45\" class=\"cf-box-a\" title=\"\"\/><label id=\"label--45\" for=\"cf_field_45\" class=\"cf-after\"><span>DJI MIC2<\/span><\/label><\/li><li id=\"li--46\" class=\"\"><input type=\"checkbox\" name=\"cf_field_46\" id=\"cf_field_46\" class=\"cf-box-a\" title=\"\"\/><label id=\"label--46\" for=\"cf_field_46\" class=\"cf-after\"><span>DJI MIC2<\/span><\/label><\/li><\/ol><\/fieldset><fieldset class=\"cf-fs10\" style=\"\"><legend>Megjegyz\u00e9s<\/legend><ol class=\"cf-ol\"><li id=\"li--48\" class=\"\"><label id=\"label--48\" for=\"cf_field_48\"><span>szeretn\u00e9m, ha a gy\u00e1rt\u00e1s tiszt\u00e1ban lenne vele, hogy:<\/span><\/label><textarea cols=\"30\" rows=\"8\" name=\"cf_field_48\" id=\"cf_field_48\" class=\"area\" title=\"\"><\/textarea><\/li><\/ol><\/fieldset><ol class=\"cf-ol\"><li id=\"li--50\" class=\"\"><label for=\"cf_field_50\" class=\"secq\"><span>CAPTCHA<\/span><\/label><input type=\"text\" name=\"captcha\" id=\"cf_field_50\" class=\"secinput fldrequired \" title=\"\"\/><img class=\"cforms2_really_simple_captcha_img\" alt=\"CAPTCHA\" src=\"https:\/\/adatlap.tmgrp.hu\/wp-content\/plugins\/really-simple-captcha\/tmp\/293463149.png\" \/><span class=\"dashicons dashicons-update captcha-reset\"><\/span><input type=\"hidden\" name=\"captcha\/hint\" value=\"293463149\"\/><\/li><\/ol><fieldset class=\"cf_hidden\"><legend>&nbsp;<\/legend><input type=\"hidden\" name=\"cf_working\" id=\"cf_working\" value=\"<span>az adatok feldolgoz\u00e1sa folyamatban...<\/span>\"\/><input type=\"hidden\" name=\"cf_failure\" id=\"cf_failure\" value=\"<span>A k\u00f6telez\u0151 adatok megad\u00e1sa n\u00e9lk\u00fcl nem \u00e9r semmit az adatlap, \u00edgy nem fogadja el a rendszer.<\/span>\"\/><input type=\"hidden\" name=\"cf_customerr\" id=\"cf_customerr\" value=\"y\"\/><\/fieldset><p class=\"cf-sb\"><input type=\"submit\" name=\"sendbutton\" id=\"sendbutton\" class=\"sendbutton\" value=\"V\u00c9GEZTEM\" \/><\/p><\/form>\n","protected":false},"excerpt":{"rendered":"","protected":false},"author":1,"featured_media":0,"parent":0,"menu_order":0,"comment_status":"closed","ping_status":"closed","template":"","meta":[],"_links":{"self":[{"href":"https:\/\/adatlap.tmgrp.hu\/index.php?rest_route=\/wp\/v2\/pages\/4"}],"collection":[{"href":"https:\/\/adatlap.tmgrp.hu\/index.php?rest_route=\/wp\/v2\/pages"}],"about":[{"href":"https:\/\/adatlap.tmgrp.hu\/index.php?rest_route=\/wp\/v2\/types\/page"}],"author":[{"embeddable":true,"href":"https:\/\/adatlap.tmgrp.hu\/index.php?rest_route=\/wp\/v2\/users\/1"}],"replies":[{"embeddable":true,"href":"https:\/\/adatlap.tmgrp.hu\/index.php?rest_route=%2Fwp%2Fv2%2Fcomments&post=4"}],"version-history":[{"count":2,"href":"https:\/\/adatlap.tmgrp.hu\/index.php?rest_route=\/wp\/v2\/pages\/4\/revisions"}],"predecessor-version":[{"id":6,"href":"https:\/\/adatlap.tmgrp.hu\/index.php?rest_route=\/wp\/v2\/pages\/4\/revisions\/6"}],"wp:attachment":[{"href":"https:\/\/adatlap.tmgrp.hu\/index.php?rest_route=%2Fwp%2Fv2%2Fmedia&parent=4"}],"curies":[{"name":"wp","href":"https:\/\/api.w.org\/{rel}","templated":true}]}}